{"id":4666,"date":"2020-06-12T09:30:00","date_gmt":"2020-06-12T09:30:00","guid":{"rendered":"https:\/\/internationalmint.it\/privacy-policy\/"},"modified":"2023-11-02T12:50:54","modified_gmt":"2023-11-02T12:50:54","slug":"privacy-policy-old","status":"publish","type":"page","link":"https:\/\/www.internationalmint.it\/es\/privacy-policy-old\/","title":{"rendered":"Privacy Policy Old"},"content":{"rendered":"<p><div id='layer_slider_1'  class='avia-layerslider main_color avia-shadow  avia-builder-el-0  el_before_av_heading  avia-builder-el-first  container_wrap sidebar_right'  style='height: 151px;'  ><\/div><div id='after_layer_slider_1'  class='main_color av_default_container_wrap container_wrap sidebar_right'  ><div class='container av-section-cont-open' ><div class='template-page content  av-content-small alpha units'><div class='post-entry post-entry-type-page post-entry-4666'><div class='entry-content-wrapper clearfix'> \n<style type=\"text\/css\" data-created_by=\"avia_inline_auto\" id=\"style-css-av-av_heading-42ff7041b7e92664952e1ed6f5054ed2\">\n#top .av-special-heading.av-av_heading-42ff7041b7e92664952e1ed6f5054ed2{\npadding-bottom:10px;\n}\nbody .av-special-heading.av-av_heading-42ff7041b7e92664952e1ed6f5054ed2 .av-special-heading-tag .heading-char{\nfont-size:25px;\n}\n.av-special-heading.av-av_heading-42ff7041b7e92664952e1ed6f5054ed2 .av-subheading{\nfont-size:15px;\n}\n<\/style>\n<div  class='av-special-heading av-av_heading-42ff7041b7e92664952e1ed6f5054ed2 av-special-heading-h2  avia-builder-el-1  el_after_av_layerslider  el_before_av_textblock  avia-builder-el-first '><h2 class='av-special-heading-tag '  itemprop=\"headline\"  >Privacy Policy<\/h2><div class=\"special-heading-border\"><div class=\"special-heading-inner-border\"><\/div><\/div><\/div> <section  class='av_textblock_section av-kaz2v6ts-17557a47cda178be583a07c306446af9 '   itemscope=\"itemscope\" itemtype=\"https:\/\/schema.org\/CreativeWork\" ><div class='avia_textblock'  itemprop=\"text\" ><h2>Informativa Trattamento dati personali &#8211; art.13 Reg. (UE) n. 2016\/679<\/h2>\n<p>La presente Privacy Policy ha lo scopo di descrivere le\u00a0modalit\u00e0\u00a0di gestione del sito internet <a href=\"http:\/\/www.internationalmint.it\">www.internationalmint.it<\/a> (di seguito: il \u201cSito\u201d)\u00a0con riferimento al trattamento dei dati personali degli utenti. Si tratta di\u00a0una\u00a0informativa generale resa nel rispetto\u00a0dell\u2019art. 13 del Regolamento (UE) 2016\/679 relativo alla protezione delle persone fisiche con riguardo al trattamento dei dati personali,\u00a0nonch\u00e9\u00a0alla libera circolazione di tali dati (di seguito \u201cRegolamento\u201d)\u00a0a\u00a0tutti gli utenti che consultano\u00a0e, pi\u00f9 in generale, interagiscono con i servizi\u00a0resi attraverso il Sito dalla I.M. International Mint srl (di seguito: il \u201cTitolare\u201d). Il trattamento dei dati avviene per mezzo di strumenti informatici e manuali con logiche di organizzazione ed elaborazione strettamente correlate alle finalit\u00e0 indicate e comunque in modo da garantire la sicurezza, l&#8217;integrit\u00e0 e la riservatezza dei dati stessi nel rispetto delle misure organizzative, fisiche e logiche previste dalle disposizioni vigenti. Gli utenti,\u00a0utilizzando il presente Sito, accettano la\u00a0presente\u00a0informativa e\u00a0sono pertanto invitati a prenderne visione prima di fornire informazioni personali di qualsiasi genere. Le informazioni non riguardano altri siti, pagine o servizi online raggiungibili tramite link ipertestuali eventualmente pubblicati nel sito ma riferiti a risorse esterne al dominio sopracitato.<\/p>\n<ol>\n<li><strong>CATEGORIE DI DATI<\/strong>\n<ol>\n<li><u>Dati di navigazione raccolti in automatico.<\/u>I sistemi informatici e gli applicativi preposti al funzionamento di questo sito web acquisiscono, nel corso del loro normale funzionamento, alcuni dati, la cui trasmissione \u00e8 implicita nell\u2019uso dei protocolli di comunicazione di Internet, potenzialmente associati ad utenti identificabili. Si tratta\u00a0di\u00a0informazioni che non sono raccolte per essere associate a interessati identificati, ma che per loro stessa natura potrebbero, attraverso elaborazioni ed associazioni con dati detenuti da terzi, permettere di identificare gli utenti. Tra i dati raccolti sono compresi gli indirizzi IP e i nomi di dominio dei computer utilizzati dagli utenti che si connettono al sito, gli indirizzi in notazione URI (Uniform Resource Identifier) delle richieste, l\u2019orario della richiesta, il metodo utilizzato nel sottoporre la richiesta al server, la dimensione del file ottenuto in risposta, il codice numerico indicante lo stato della risposta data dal server (buon fine, errore, ecc.) ed altri parametri riguardanti il sistema operativo, il browser e l\u2019ambiente informatico utilizzato dall\u2019utente. I dati potrebbero essere utilizzati per l\u2019accertamento di responsabilit\u00e0 in caso\u00a0di\u00a0ipotetici reati informatici ai danni del sito. Il conferimento di tali dati \u00e8 obbligatorio in quanto direttamente collegato all\u2019esperienza di navigazione web.<\/li>\n<li><u>Dati forniti volontariamente dall\u2019utente<\/u>.\u00a0Fatto salvo quanto sopra specificato\u00a0in relazione ai\u00a0dati di navigazione, la I.M International Mint srl acquisisce dati personali eventualmente forniti dall\u2019utente, in modo esplicito e volontario, inviando email agli indirizzi di contatto del Titolare nonch\u00e9 compilando gli appositi moduli presenti sul Sito, a titolo esemplificativo, acquisisce\u00a0nome, cognome, indirizzo\u00a0e-mail, recapiti telefonici, organizzazione, immagini necessarie all\u2019elaborazione del progetto grafico richiesto, ecc\u2026 nonch\u00e9 i dati personali inclusi nelle comunicazioni. Attraverso il Sito, il Titolare\u00a0non acquisisce dati di natura sensibile o comunque appartenenti alle categorie particolari di cui all\u2019art. 9 del Regolamento (UE) 2016\/679\u00a0o dati\u00a0relativi a\u00a0condanne penali o reati.<\/li>\n<\/ol>\n<\/li>\n<li><strong>FONTE DEI DATI PERSONALI:<\/strong><\/li>\n<\/ol>\n<p>I dati personali oggetto di trattamento sono raccolti direttamente presso l\u2019interessato.<\/p>\n<ol start=\"3\">\n<li><strong>TITOLARE DEL TRATTAMENTO\u00a0<\/strong><\/li>\n<\/ol>\n<p>Il titolare del trattamento\u00a0\u00e8 <strong>I.M. International Mint srl<\/strong> con sede legale in Via Madonna dei Poveri 23 &#8211; 10099 San Mauro Torinese (TO) \u2013 CF e P.IVA 07411300010 \u2013 e-mail <a href=\"mailto:info@internationalmint.it\">info@internationalmint.it<\/a><\/p>\n<ol start=\"4\">\n<li><strong>FINALIT\u00c0 DI TRATTAMENTO DEI DATI E BASE GIURIDICA:\u00a0<\/strong><\/li>\n<\/ol>\n<p>Il trattamento dei dati di navigazione di cui al punto 1 lett.a) \u00e8 effettuato per assicurare il corretto funzionamento del Sito e dei suoi contenuti, per effettuare statistiche anonime sull\u2019uso del Sito (es. pagine pi\u00f9 visitate, numero di visitatori per fascia oraria o giornaliera, aree geografiche di provenienza, ecc.), per migliorare il Sito e la sua fruibilit\u00e0, e sulla base del legittimo interesse del Titolare. I dati personali indicati\u00a0al paragrafo 1\u00a0lett.b)\u00a0sono trattati senza espresso consenso dell\u2019utente per le seguenti finalit\u00e0:<\/p>\n<ul>\n<li>rispondere alle richieste formulate dall\u2019Utente;<\/li>\n<li>concludere i contratti di vendita;<\/li>\n<li>adempiere agli obblighi precontrattuali, contrattuali e fiscali derivanti dai rapporti in essere;<\/li>\n<li>adempiere agli obblighi previsti dalla legge, da un regolamento, dalla normativa comunitaria o da un ordine dell\u2019Autorit\u00e0 (come, ad esempio, in materia di antiriciclaggio);<\/li>\n<li>esercitare i diritti del Titolare, ad esempio il diritto di difesa in giudizio.<\/li>\n<\/ul>\n<p>Il conferimento dei dati indicati come obbligatori \u00e8 indispensabile per potere rispondere alle richieste, quello dei dati non obbligatori \u00e8 facoltativo, ma rende pi\u00f9 agevole il riscontro. Il mancato conferimento dei dati obbligatori non rende possibile processare la richiesta mentre quello dei dati facoltativi non comporta alcuna conseguenza. Si informa che se l\u2019utente \u00e8 gi\u00e0 cliente del Titolare, potranno essere inviate comunicazioni commerciali relative ai prodotti del Titolare analoghi a quelli che l&#8217;utente ha gi\u00e0 acquistato, salvo dissenso, che potr\u00e0 essere espresso in ogni momento scrivendo una mail o una lettera al Titolare con le modalit\u00e0 indicate al punto 8. <u>Cookie e altri sistemi di tracciamento<\/u> Non viene fatto uso di cookie per la profilazione degli utenti, n\u00e9 vengono impiegati altri metodi di tracciamento. Viene invece fatto uso di cookie non di profilazione, come dettagliatamente descritto sulla cookie policy disponibile al seguente link: <a href=\"https:\/\/internationalmint.it\/cookie-policy\/\">Cookie Policy<\/a> La memorizzazione dei cookie di sessione nei terminali o nei browser \u00e8 sotto il controllo dell&#8217;utente. <u>TRATTAMENTO DEI DATI DEI MINORI<\/u> Il Sito si rivolge a un pubblico generico, tuttavia i suoi servizi sono destinati a persone di et\u00e0 pari o superiore a 18 anni. Il Titolare non richiede, raccoglie, utilizza e divulga deliberatamente dati personali forniti da persone di et\u00e0 inferiore a 18 anni. Nel caso in cui l\u2019utente non abbia l&#8217;et\u00e0 richiesta, \u00e8 pregato di non effettuare richieste online e di chiedere a un adulto (ovvero ai propri genitori o al proprio tutore) di eseguire le procedure necessarie.<\/p>\n<ol start=\"5\">\n<li><strong>DESTINATARI DEI DATI<\/strong><\/li>\n<\/ol>\n<p>I dati personali trattati potranno essere comunicati a soggetti che:<\/p>\n<ul>\n<li>operano in qualit\u00e0 di\u00a0Autorizzati\u00a0dal Titolare al trattamento per le finalit\u00e0 sopra indicate. A tal fine I.M. International Mint S.r.l. garantisce che il personale interno \u00e8 debitamente formato in merito all\u2019importanza della protezione dei dati personali e che utilizza strumenti adeguati che si rendono necessari di volta in volta;<\/li>\n<li>operano in qualit\u00e0 di\u00a0Titolari autonomi\u00a0del trattamento, qualora ci\u00f2 risponda ad un obbligo di legge (ad es. Pubbliche Amministrazioni, per lo svolgimento delle funzioni istituzionali; esercenti la professione di avvocato, per l\u2019assistenza legale in eventuali controversie, istituti bancari, compagnie di assicurazione, ecc..);<\/li>\n<li>operano in qualit\u00e0 di\u00a0Responsabili esterni\u00a0del Trattamento, ossia soggetti contrattualmente autorizzati che operano in nome e per conto di I.M. International Mint S.r.l., impegnati nel corretto e regolare perseguimento delle finalit\u00e0 descritte (ad es. societ\u00e0 che si occupa dei servizi contabili e amministrativi, societ\u00e0 di cui I.M. International Mint S.r.l. si avvale per l\u2019erogazione dei suoi servizi). L\u2019elenco dei\u00a0Responsabili del trattamento pu\u00f2 essere richiesto al Titolare in qualsiasi momento.<\/li>\n<\/ul>\n<p>Tali societ\u00e0, enti ed organizzazioni riceveranno esclusivamente i dati personali necessari per espletare i servizi concordati o per adempiere agli obblighi di legge e non saranno autorizzate a utilizzarli per qualunque altra finalit\u00e0. I dati non saranno oggetto di diffusione n\u00e9 di comunicazione ad altri soggetti e, qualora dovesse essere necessario trasferire dati personali in paesi extra UE al fine di perseguire le finalit\u00e0 sopra indicate, il trasferimento dei dati personali sar\u00e0 effettuato nel rispetto delle garanzie previste dalla legge.<\/p>\n<ol start=\"6\">\n<li><strong>PERIODO DI CONSERVAZIONE<\/strong><\/li>\n<\/ol>\n<p>I\u00a0dati di navigazione di cui al punto 1 lett.a) saranno\u00a0conservati per il\u00a0periodo strettamente necessario, in ogni caso non superiore a 2 anni. I dati di cui al punto 1 lett.b) saranno conservati per il periodo strettamente necessario a riscontrare le richieste e finalizzarle alla vendita, in ogni caso, per un periodo non superiore a 12 mesi alle finalit\u00e0 sopra indicate; saranno conservati per tempi superiori solo in adempimento degli obblighi di legge\u00a0 anche in materia di conservazione delle scritture contabili. Tutte le informazioni non rientranti, anche se liberamente fornite, nelle finalit\u00e0 esplicitate nel presente documento o concordate con l&#8217;interessato, verranno cancellati immediatamente e non verr\u00e0 conservata alcuna copia.<\/p>\n<ol start=\"7\">\n<li><strong>DIRITTI DELL\u2019INTERESSATO\u00a0<\/strong><\/li>\n<\/ol>\n<p>Scrivendo una mail o una lettera, potr\u00e0 rivolgersi al Titolare per fare valere i suoi diritti: lei potr\u00e0 chiedere l\u2019accesso ai suoi dati, la rettifica o la cancellazione degli stessi o la limitazione del trattamento; lei potr\u00e0 altres\u00ec ricevere i propri dati personali elettronici in un formato strutturato e comunemente utilizzato leggibile meccanicamente e trasmetterli a un altro titolare del trattamento (portabilit\u00e0 dei dati). Le richieste di cancellazione dei dati sono subordinate agli obblighi vigenti di legge e di conservazione dei documenti imposti al Titolare. La informiamo\u00a0inoltre\u00a0che\u00a0ai sensi della disciplina vigente pu\u00f2 proporre eventuali reclami riguardanti i trattamenti di suoi dati personali al Garante per la protezione dei dati personali.<\/p>\n<ol start=\"8\">\n<li><strong>MODALITA\u2019 DI COMUNICAZIONE<\/strong><\/li>\n<\/ol>\n<p>Gli utenti che necessitino ulteriori informazioni relative al trattamento dei dati personali effettuato dal Titolare o che intendano far valere i diritti sopra esposti possono farlo nelle modalit\u00e0 descritte di seguito:<\/p>\n<ul>\n<li>una raccomandata a.r. a I.M. International Mint. Srl, Via Madonna dei Poveri 23 \u2013 10099 San Mauro (TO);<\/li>\n<li>una e-mail all\u2019indirizzo\u00a0<a href=\"mailto:info@internationalmint.it\">info@internationalmint.it<\/a><\/li>\n<\/ul>\n<p><strong>Modifiche alla presente informativa privacy<\/strong> Il Titolare si riserva il diritto di aggiornare la presente Informativa per adeguarla al diritto sopravveniente, per adeguarsi alle innovazioni tecnologiche o per altri motivi.\u00a0Le modifiche saranno riportate sul Sito. Torino, 15 giugno 2020 <strong>\u00a0<\/strong> <strong>\u00a0<\/strong> <strong>Cookies<\/strong> I cookies sono piccoli file di testo che i siti visitati inviano al terminale dell\u2019Utente, dove vengono memorizzati, per poi essere ritrasmessi agli stessi siti alla visita successiva. Utilizzando questo sito, l\u2019utente accetta che i seguenti cookie siano installati sul tuo dispositivo: \u2022 cookie di sessione il cui utilizzo non \u00e8 strumentale alla raccolta di dati personali identificativi dell\u2019Utente, essendo limitato alla sola trasmissione di dati identificativi di sessione nella forma di numeri generati automaticamente dal server. \u2022 cookies analytics utilizzati per raccogliere informazioni, in forma aggregata, sul numero degli Utenti che visitano il Sito e su come lo visitano. Il sito si avvale del servizio Google Analytics, la cui cookie policy pu\u00f2 essere visionata\u00a0<a href=\"https:\/\/developers.google.com\/analytics\/devguides\/collection\/analyticsjs\/cookie-usage\">a questo link<\/a>. \u2022 cookie di terze parti per la condivisione su alcuni tra i principali social network (Facebook e Twitter,). Il sito si avvale del servizio AddThis, la cui privacy policy \u00e8 disponibile\u00a0<a href=\"http:\/\/www.addthis.com\/privacy\/privacy-policy#publisher-visitors\">a questo link<\/a> \u2022 cookie per la visualizzazione di media. Il sito pu\u00f2 incorporare video pubblicati su YouTube (la cui policy \u00e8 pubblicata\u00a0<a href=\"https:\/\/www.google.com\/intl\/it_it\/policies\/privacy\/\">a questo link<\/a>) e incorporare mappe del servizio Google Maps (la cui informativa \u00e8 pubblicata\u00a0<a href=\"https:\/\/www.google.com\/intl\/it_it\/policies\/privacy\/\">a questo link<\/a>). Ogni volta che decidi di interagire con i plug-in ovvero accedi al Sito dopo esserti \u201cloggato\u201d attraverso il tuo account, alcune informazioni personali potrebbero essere acquisite dai gestori delle piattaforme di social network (per esempio, la tua visita al Sito). Questo sito non ha accesso ai dati che sono raccolti e trattati in totale autonomia dai gestori delle piattaforme di social network. Puoi disattivare le funzionalit\u00e0 dei cookie tramite l\u2019apposita pagina messa a disposizione dalla EDAA (European Interactive Digital Advertising Alliance) <a href=\"http:\/\/www.youronlinechoices.com\/it\/\">http:\/\/www.youronlinechoices.com\/it\/<\/a>, oppure agendo sulle impostazioni relative alla Privacy del tuo browser di navigazione. In questo caso, segui le indicazioni riportati ai seguenti link: <a href=\"https:\/\/support.google.com\/chrome\/answer\/95647?hl=eng\">Chrome<\/a> <a href=\"https:\/\/support.mozilla.org\/it\/kb\/Gestione%2520dei%2520cookie#w_impostazioni-dei-cookie\">Firefox<\/a> <a href=\"https:\/\/support.apple.com\/it-it\/HT201265\">Safari<\/a> <a href=\"http:\/\/windows.microsoft.com\/it-it\/windows-vista\/block-or-allow-cookies\">Internet Explorer<\/a> Fatto salvo quanto precede, ricorda che la disattivazione dei cookie potrebbe condizionare il corretto funzionamento del Sito.<\/p>\n<ul>\n<li><u><\/u>Il sito non utilizza cookie tecnici\/di profilazione di terze parti i quali potrebbero raccogliere dati di navigazione degli utenti, il cui conferimento \u00e8 facoltativo ed avviene tramite espressione di un consenso libero ed informato. I cookies operano al fine di analizzare l\u2019efficacia del sito e renderlo nel tempo pi\u00f9 facile ed intuitivo. I dati raccolti grazie ai cookie servono per rendere l\u2019esperienza di navigazione pi\u00f9 piacevole e pi\u00f9 efficiente in futuro, cercando di valutare il comportamento degli utenti e di modificare la proposizione di offerta dei contenuti in funzione del loro comportamento. Per maggiori informazioni \u00e8 disponibile una apposita cookie policy.<\/li>\n<\/ul>\n<\/div><\/section><\/p>\n","protected":false},"excerpt":{"rendered":"","protected":false},"author":1,"featured_media":0,"parent":0,"menu_order":0,"comment_status":"open","ping_status":"closed","template":"","meta":{"footnotes":""},"class_list":["post-4666","page","type-page","status-publish","hentry"],"yoast_head":"<!-- This site is optimized with the Yoast SEO plugin v26.1.1 - https:\/\/yoast.com\/wordpress\/plugins\/seo\/ -->\n<title>Privacy Policy Old &#187; I.M. International Mint Conio Monete e Gettoni<\/title>\n<meta name=\"robots\" content=\"index, follow, max-snippet:-1, max-image-preview:large, max-video-preview:-1\" \/>\n<link rel=\"canonical\" href=\"https:\/\/www.internationalmint.it\/es\/privacy-policy-old\/\" \/>\n<meta property=\"og:locale\" content=\"es_ES\" \/>\n<meta property=\"og:type\" content=\"article\" \/>\n<meta property=\"og:title\" content=\"Privacy Policy Old &#187; I.M. International Mint Conio Monete e Gettoni\" \/>\n<meta property=\"og:url\" content=\"https:\/\/www.internationalmint.it\/es\/privacy-policy-old\/\" \/>\n<meta property=\"og:site_name\" content=\"I.M. International Mint Conio Monete e Gettoni\" \/>\n<meta property=\"article:modified_time\" content=\"2023-11-02T12:50:54+00:00\" \/>\n<meta name=\"twitter:card\" content=\"summary_large_image\" \/>\n<meta name=\"twitter:label1\" content=\"Tiempo de lectura\" \/>\n\t<meta name=\"twitter:data1\" content=\"10 minutos\" \/>\n<script type=\"application\/ld+json\" class=\"yoast-schema-graph\">{\"@context\":\"https:\/\/schema.org\",\"@graph\":[{\"@type\":\"WebPage\",\"@id\":\"https:\/\/www.internationalmint.it\/es\/privacy-policy-old\/\",\"url\":\"https:\/\/www.internationalmint.it\/es\/privacy-policy-old\/\",\"name\":\"Privacy Policy Old &#187; I.M. International Mint Conio Monete e Gettoni\",\"isPartOf\":{\"@id\":\"https:\/\/www.internationalmint.it\/es\/#website\"},\"datePublished\":\"2020-06-12T09:30:00+00:00\",\"dateModified\":\"2023-11-02T12:50:54+00:00\",\"breadcrumb\":{\"@id\":\"https:\/\/www.internationalmint.it\/es\/privacy-policy-old\/#breadcrumb\"},\"inLanguage\":\"es\",\"potentialAction\":[{\"@type\":\"ReadAction\",\"target\":[\"https:\/\/www.internationalmint.it\/es\/privacy-policy-old\/\"]}]},{\"@type\":\"BreadcrumbList\",\"@id\":\"https:\/\/www.internationalmint.it\/es\/privacy-policy-old\/#breadcrumb\",\"itemListElement\":[{\"@type\":\"ListItem\",\"position\":1,\"name\":\"Home\",\"item\":\"https:\/\/www.internationalmint.it\/es\/\"},{\"@type\":\"ListItem\",\"position\":2,\"name\":\"Privacy Policy Old\"}]},{\"@type\":\"WebSite\",\"@id\":\"https:\/\/www.internationalmint.it\/es\/#website\",\"url\":\"https:\/\/www.internationalmint.it\/es\/\",\"name\":\"I.M. International Mint\",\"description\":\"\",\"potentialAction\":[{\"@type\":\"SearchAction\",\"target\":{\"@type\":\"EntryPoint\",\"urlTemplate\":\"https:\/\/www.internationalmint.it\/es\/?s={search_term_string}\"},\"query-input\":{\"@type\":\"PropertyValueSpecification\",\"valueRequired\":true,\"valueName\":\"search_term_string\"}}],\"inLanguage\":\"es\"}]}<\/script>\n<!-- \/ Yoast SEO plugin. -->","yoast_head_json":{"title":"Privacy Policy Old &#187; I.M. International Mint Conio Monete e Gettoni","robots":{"index":"index","follow":"follow","max-snippet":"max-snippet:-1","max-image-preview":"max-image-preview:large","max-video-preview":"max-video-preview:-1"},"canonical":"https:\/\/www.internationalmint.it\/es\/privacy-policy-old\/","og_locale":"es_ES","og_type":"article","og_title":"Privacy Policy Old &#187; I.M. International Mint Conio Monete e Gettoni","og_url":"https:\/\/www.internationalmint.it\/es\/privacy-policy-old\/","og_site_name":"I.M. International Mint Conio Monete e Gettoni","article_modified_time":"2023-11-02T12:50:54+00:00","twitter_card":"summary_large_image","twitter_misc":{"Tiempo de lectura":"10 minutos"},"schema":{"@context":"https:\/\/schema.org","@graph":[{"@type":"WebPage","@id":"https:\/\/www.internationalmint.it\/es\/privacy-policy-old\/","url":"https:\/\/www.internationalmint.it\/es\/privacy-policy-old\/","name":"Privacy Policy Old &#187; I.M. International Mint Conio Monete e Gettoni","isPartOf":{"@id":"https:\/\/www.internationalmint.it\/es\/#website"},"datePublished":"2020-06-12T09:30:00+00:00","dateModified":"2023-11-02T12:50:54+00:00","breadcrumb":{"@id":"https:\/\/www.internationalmint.it\/es\/privacy-policy-old\/#breadcrumb"},"inLanguage":"es","potentialAction":[{"@type":"ReadAction","target":["https:\/\/www.internationalmint.it\/es\/privacy-policy-old\/"]}]},{"@type":"BreadcrumbList","@id":"https:\/\/www.internationalmint.it\/es\/privacy-policy-old\/#breadcrumb","itemListElement":[{"@type":"ListItem","position":1,"name":"Home","item":"https:\/\/www.internationalmint.it\/es\/"},{"@type":"ListItem","position":2,"name":"Privacy Policy Old"}]},{"@type":"WebSite","@id":"https:\/\/www.internationalmint.it\/es\/#website","url":"https:\/\/www.internationalmint.it\/es\/","name":"I.M. International Mint","description":"","potentialAction":[{"@type":"SearchAction","target":{"@type":"EntryPoint","urlTemplate":"https:\/\/www.internationalmint.it\/es\/?s={search_term_string}"},"query-input":{"@type":"PropertyValueSpecification","valueRequired":true,"valueName":"search_term_string"}}],"inLanguage":"es"}]}},"_links":{"self":[{"href":"https:\/\/www.internationalmint.it\/es\/wp-json\/wp\/v2\/pages\/4666","targetHints":{"allow":["GET"]}}],"collection":[{"href":"https:\/\/www.internationalmint.it\/es\/wp-json\/wp\/v2\/pages"}],"about":[{"href":"https:\/\/www.internationalmint.it\/es\/wp-json\/wp\/v2\/types\/page"}],"author":[{"embeddable":true,"href":"https:\/\/www.internationalmint.it\/es\/wp-json\/wp\/v2\/users\/1"}],"replies":[{"embeddable":true,"href":"https:\/\/www.internationalmint.it\/es\/wp-json\/wp\/v2\/comments?post=4666"}],"version-history":[{"count":0,"href":"https:\/\/www.internationalmint.it\/es\/wp-json\/wp\/v2\/pages\/4666\/revisions"}],"wp:attachment":[{"href":"https:\/\/www.internationalmint.it\/es\/wp-json\/wp\/v2\/media?parent=4666"}],"curies":[{"name":"wp","href":"https:\/\/api.w.org\/{rel}","templated":true}]}}